{"id":1631,"date":"2017-10-26T10:28:26","date_gmt":"2017-10-26T10:28:26","guid":{"rendered":"https:\/\/technologies.leaseir.com\/?page_id=1631&#038;lang=es"},"modified":"2025-02-21T17:16:50","modified_gmt":"2025-02-21T17:16:50","slug":"index_","status":"publish","type":"page","link":"https:\/\/technologies.leaseir.com\/es\/","title":{"rendered":"index_"},"content":{"rendered":"<p>[vc_row][vc_column][vc_empty_space height=\u00bb150px\u00bb]<div class=\"clearboth\"><\/div><div class=\"sc-divider\" style=\"margin-top: -32px;margin-bottom: -12px;\"><\/div>[vc_row_inner][vc_column_inner width=\u00bb1\/2&#8243;][vc_column_text]<\/p>\n<h3>Leaseir MHR Laser system<\/h3>\n<p>El Leaseir MHR Laser system es un equipo de depilaci\u00f3n de diodo con tres tama\u00f1os de cabezal intercambiables de hasta 3,7cm<sup>2<\/sup>. Equipo para uso intensivo que es capaz de dar de 40J\/cm<sup>2<\/sup> a 4Hz en 30ms durante horas.[\/vc_column_text]<a class=\"sc-button \"  href=\"https:\/\/technologies.leaseir.com\/caracteristicas?lang=es\" target=\"_self\" style=\"color: #ffffff;background-color: #939393;\">Mas informaci\u00f3n<\/a><div class=\"sc-image sc-wrapbox sc-wrapbox-style-default rounded-corners sc-wrapbox-position-left\" style=\"\"><div class=\"sc-wrapbox-inner\"><img class=\"sc-wrapbox-element img-responsive\" src=\"https:\/\/technologies.leaseir.com\/wp-content\/uploads\/2019\/06\/ce_Mesa-de-trabajo-1.png\" alt=\"\"\/><\/div><\/div>[\/vc_column_inner][vc_column_inner width=\u00bb1\/2&#8243;]<div class=\"sc-image sc-wrapbox sc-wrapbox-style-default rounded-corners sc-wrapbox-position-below\" style=\"width: 270px;height: 357px;\"><div class=\"sc-wrapbox-inner\"><img class=\"sc-wrapbox-element img-responsive\" src=\"https:\/\/technologies.leaseir.com\/wp-content\/uploads\/2017\/10\/MHR_inicio.jpg\" alt=\"\"\/><\/div><\/div>[\/vc_column_inner][\/vc_row_inner][\/vc_column][\/vc_row][vc_row][vc_column]<div class=\"clearboth\"><\/div><div class=\"sc-divider sc-divider-style-3\" style=\"margin-top: 30px;\"><\/div><div class=\"fullwidth-block clearfix\" style=\"color: #ededed;background-color: #f9f9f9;background-repeat: no-repeat; background-size: cover;background-position: center top;padding-top: 60px;padding-bottom: 60px;padding-left: 25px;padding-right: 25px;\">[vc_column_text css_animation=\u00bbappear\u00bb]<\/p>\n<h1 style=\"text-align: center;\"><span style=\"color: #999999;\">Noticias y Eventos<\/span><\/h1>\n<p>[\/vc_column_text]<\/div><div class=\"clearboth\"><\/div><div class=\"sc-divider\" style=\"margin-top: 29px;\"><\/div><div class=\"preloader\"><\/div><div class=\"blog blog-style-4x clearfix blog-style-masonry \"> <article id=\"post-1943\" class=\"col-lg-3 col-md-3 col-sm-4 col-xs-6 post-1943 post type-post status-publish format-standard has-post-thumbnail hentry category-europe category-russia-es\"> <a href=\"https:\/\/technologies.leaseir.com\/es\/2018\/09\/17\/salon-look-madrid\/\" class=\"default\"> <img width=\"594\" height=\"579\" src=\"https:\/\/technologies.leaseir.com\/wp-content\/uploads\/2018\/09\/UMA_2019.jpg\" class=\"img-responsive wp-post-image\" alt=\"\" loading=\"lazy\" srcset=\"https:\/\/technologies.leaseir.com\/wp-content\/uploads\/2018\/09\/UMA_2019.jpg 594w, https:\/\/technologies.leaseir.com\/wp-content\/uploads\/2018\/09\/UMA_2019-300x292.jpg 300w\" sizes=\"(max-width: 594px) 100vw, 594px\" \/> <\/a> <div class=\"description\"> <div class=\"title\"><a href=\"https:\/\/technologies.leaseir.com\/es\/2018\/09\/17\/salon-look-madrid\/\" rel=\"bookmark\">UMA Mosc\u00fa 2019<\/a><\/div> <div class=\"tags\"> <a href=\"https:\/\/technologies.leaseir.com\/es\/category\/europe\/\" title=\"View all posts in Europe\">Europe<\/a> <span class=\"sep\">|<\/span> <a href=\"https:\/\/technologies.leaseir.com\/es\/category\/europe\/russia-es\/\" title=\"View all posts in Russia\">Russia<\/a> <\/div> <div class=\"summary\"> <p>[vc_row][vc_column width=\u00bb1\/2&#8243;][vc_column_text]El d\u00eda 4 de Junio, nuestro distribuidor en Rusia, UMA, celebra su User Summit 2019 en el Hotel Intercontinental&#8230;.<\/p> <\/div> <div class=\"info clearfix\"> <span class=\"date\">17 septiembre, 2018<\/span> <span class=\"more-link \"><a href=\"https:\/\/technologies.leaseir.com\/es\/2018\/09\/17\/salon-look-madrid\/\">Read more<\/a><\/span> <\/div> <\/div> <\/article>\n<\/div><div class=\"sc-button-with-separator\"><div class=\"sc-button-sep-holder\"><svg width=\"100%\" height=\"8px\"><line x1=\"4\" x2=\"100%\" y1=\"4\" y2=\"4\" stroke=\"#848484\" stroke-width=\"7\" stroke-linecap=\"round\" stroke-dasharray=\"1, 15\"\/><\/svg><\/div><div class=\"sc-button-sep-button\"><div class=\"centered-box\"><div class=\"lazy-loading\"><a class=\"sc-button lazy-loading-item\" data-ll-effect=\"drop-right-without-wrap\" href=\"https:\/\/technologies.leaseir.com\/agenda\/?lang=es\" target=\"_self\" style=\"color: #ffffff;background-color: #848484;\">Mas noticias y eventos<\/a><\/div><\/div><\/div><div class=\"sc-button-sep-holder\"><svg width=\"100%\" height=\"8px\"><line x1=\"4\" x2=\"100%\" y1=\"4\" y2=\"4\" stroke=\"#848484\" stroke-width=\"7\" stroke-linecap=\"round\" stroke-dasharray=\"1, 15\"\/><\/svg><\/div><\/div>[\/vc_column][\/vc_row][vc_row full_width=\u00bbstretch_row_content\u00bb css=\u00bb.vc_custom_1708425538261{background-color: #5572c0 !important;}\u00bb][vc_column][vc_column_text]<\/p>\n<h2><span style=\"color: #ffffff;\">Promoci\u00f3n internacional de los equipos m\u00e9dico-est\u00e9ticos de depilaci\u00f3n l\u00e1ser 2023<\/span><\/h2>\n<h4><span style=\"color: #ffffff;\">Concedida la subvenci\u00f3n PINT a Leaseir para proyectos de promoci\u00f3n internacional llevados a cabo en 2023.<br \/>\n<\/span><\/h4>\n<h3><span style=\"color: #ffffff;\">Esta subvenci\u00f3n est\u00e1 cofinanciada tanto por el Gobierno del Principado de Asturias a trav\u00e9s de la AGENCIA SEKUENS, como por la Uni\u00f3n Europea a trav\u00e9s del FEDER.<\/span><\/h3>\n<p>[\/vc_column_text][\/vc_column][\/vc_row][vc_row full_width=\u00bbstretch_row_content\u00bb css=\u00bb.vc_custom_1708425538261{background-color: #5572c0 !important;}\u00bb][vc_column][vc_column_text]<\/p>\n<h2><span style=\"color: #ffffff;\">Promoci\u00f3n internacional de los equipos m\u00e9dico-est\u00e9ticos de depilaci\u00f3n l\u00e1ser 2024<\/span><\/h2>\n<h4><span style=\"color: #ffffff;\">Concedida la subvenci\u00f3n PINT a Leaseir para proyectos de promoci\u00f3n internacional llevados a cabo en 2024.<br \/>\n<\/span><\/h4>\n<h3><span style=\"color: #ffffff;\">Esta subvenci\u00f3n est\u00e1 cofinanciada tanto por el Gobierno del Principado de Asturias a trav\u00e9s de la AGENCIA SEKUENS, como por la Uni\u00f3n Europea a trav\u00e9s del FEDER.<\/span><\/h3>\n<p>[\/vc_column_text][\/vc_column][\/vc_row][vc_row][vc_column width=\u00bb1\/2&#8243;][vc_single_image image=\u00bb2602&#8243; img_size=\u00bbfull\u00bb][\/vc_column][vc_column width=\u00bb1\/2&#8243;][vc_single_image image=\u00bb2589&#8243; img_size=\u00bbfull\u00bb][\/vc_column][\/vc_row]<\/p>\n","protected":false},"excerpt":{"rendered":"<p>[vc_row][vc_column][vc_empty_space height=\u00bb150px\u00bb][vc_row_inner][vc_column_inner width=\u00bb1\/2&#8243;][vc_column_text] Leaseir MHR Laser system El Leaseir MHR Laser system es un equipo de depilaci\u00f3n de diodo con&#8230;<\/p>\n","protected":false},"author":1,"featured_media":0,"parent":0,"menu_order":0,"comment_status":"closed","ping_status":"closed","template":"","meta":[],"_links":{"self":[{"href":"https:\/\/technologies.leaseir.com\/es\/wp-json\/wp\/v2\/pages\/1631"}],"collection":[{"href":"https:\/\/technologies.leaseir.com\/es\/wp-json\/wp\/v2\/pages"}],"about":[{"href":"https:\/\/technologies.leaseir.com\/es\/wp-json\/wp\/v2\/types\/page"}],"author":[{"embeddable":true,"href":"https:\/\/technologies.leaseir.com\/es\/wp-json\/wp\/v2\/users\/1"}],"replies":[{"embeddable":true,"href":"https:\/\/technologies.leaseir.com\/es\/wp-json\/wp\/v2\/comments?post=1631"}],"version-history":[{"count":47,"href":"https:\/\/technologies.leaseir.com\/es\/wp-json\/wp\/v2\/pages\/1631\/revisions"}],"predecessor-version":[{"id":2612,"href":"https:\/\/technologies.leaseir.com\/es\/wp-json\/wp\/v2\/pages\/1631\/revisions\/2612"}],"wp:attachment":[{"href":"https:\/\/technologies.leaseir.com\/es\/wp-json\/wp\/v2\/media?parent=1631"}],"curies":[{"name":"wp","href":"https:\/\/api.w.org\/{rel}","templated":true}]}}