{"id":2252,"date":"2019-06-18T09:33:58","date_gmt":"2019-06-18T09:33:58","guid":{"rendered":"https:\/\/technologies.leaseir.com\/privacy-policy\/"},"modified":"2019-06-18T09:37:33","modified_gmt":"2019-06-18T09:37:33","slug":"privacy-policy","status":"publish","type":"page","link":"https:\/\/technologies.leaseir.com\/es\/privacy-policy\/","title":{"rendered":"Pol\u00edtica de privacidad"},"content":{"rendered":"<p>[vc_row][vc_column][vc_column_text]<\/p>\n<div>\n<p><span>Conforme a la Ley 3\/2018 de 5 de diciembre de Protecci\u00f3n de Datos Personales y Garant\u00eda de los Derechos Digitales y al Reglamento Europeo 679\/16, los datos personales que en esta comunicaci\u00f3n aparecen, as\u00ed como los que nuestra empresa mantiene de Vd. y de su empresa, son tratados con la finalidad de mantener el contacto y realizar las gestiones correspondientes de nuestra relaci\u00f3n profesional, y est\u00e1n almacenados en el registro de actividad de nuestra empresa denominado \u00abclientes y proveedores\u00bb. Puede ejercer sus derechos de cancelaci\u00f3n, rectificaci\u00f3n, oposici\u00f3n, acceso, limitaci\u00f3n y portabilidad dirigiendo CORREO POSTAL a Leaseir Technologies, S.L.U. y su voluntad con el concepto BAJA a: C\/ Jimena Fern\u00e1ndez de la Vega. 140 Pta. 1H, Edificio Asturias, 33203, Gij\u00f3n, Asturias<\/p>\n<p>Adem\u00e1s, le informamos que la utilizaci\u00f3n de su direcci\u00f3n de correo electr\u00f3nico por parte de nuestra empresa queda sujeta a las disposiciones de la Ley 34\/2002, de Servicios de la Sociedad de la Informaci\u00f3n y el Comercio Electr\u00f3nico. Si Vd. recibe comunicaci\u00f3n comercial por nuestra parte y desea dejar de recibirla, rogamos nos lo comunique por v\u00eda electr\u00f3nica a trav\u00e9s de la direcci\u00f3n: bramos@leaseir.com.<\/p>\n<p><strong>CONFIDENCIALIDAD<\/strong><\/p>\n<p>La informaci\u00f3n contenida en este mensaje y\/o archivo(s) adjunto(s) es confidencial\/privilegiada y est\u00e1 destinada a ser le\u00edda s\u00f3lo por la(s) persona(s) a la(s) que va dirigida. Si usted lee este mensaje y no es el destinatario se\u00f1alado, el empleado o el agente responsable de entregar el mensaje al destinatario, o ha recibido esta comunicaci\u00f3n por error, le informamos que est\u00e1 totalmente prohibida, y puede ser ilegal, cualquier divulgaci\u00f3n, distribuci\u00f3n o reproducci\u00f3n de esta comunicaci\u00f3n, y le rogamos que nos lo notifique inmediatamente y nos devuelva el mensaje original a la direcci\u00f3n arriba mencionada. Gracias.<br \/>\nCl\u00e1usula anexa para a\u00f1adir en aquellos correos que se env\u00edan como PUBLICIDAD.<\/p>\n<p><strong>AVISO LEGAL: (LSSI &#8211; CE)<\/strong><\/p>\n<p>La utilizaci\u00f3n de su direcci\u00f3n de correo electr\u00f3nico por parte de nuestra empresa queda sujeta a las disposiciones de la Ley 34\/2002, de Servicios de la Sociedad de la Informaci\u00f3n y el Comercio Electr\u00f3nico. Si Vd. recibe comunicaci\u00f3n comercial por nuestra parte es porque contamos con su consentimiento expreso como cliente\/proveedor y\/o usuario registrado, o por constar sus datos en fuentes accesibles al p\u00fablico. Si Vd. recibe comunicaci\u00f3n comercial por nuestra parte y desea dejar de recibirla, rogamos nos lo comunique por v\u00eda electr\u00f3nica a trav\u00e9s de la direcci\u00f3n bramos@leaseir.com o correo postal a nombre del responsable del tratamiento Leaseir Technologies, S.L.U. en la siguiente direcci\u00f3n: C\/ Jimena Fern\u00e1ndez de la Vega. 140 Pta. 1H, Edificio Asturias, 33203, Gij\u00f3n, Asturias<br \/>\n<\/span><\/p>\n<\/div>\n<p>[\/vc_column_text][\/vc_column][\/vc_row]<\/p>\n","protected":false},"excerpt":{"rendered":"<p>[vc_row][vc_column][vc_column_text] Conforme a la Ley 3\/2018 de 5 de diciembre de Protecci\u00f3n de Datos Personales y Garant\u00eda de los Derechos&#8230;<\/p>\n","protected":false},"author":1,"featured_media":0,"parent":0,"menu_order":0,"comment_status":"closed","ping_status":"closed","template":"","meta":[],"_links":{"self":[{"href":"https:\/\/technologies.leaseir.com\/es\/wp-json\/wp\/v2\/pages\/2252"}],"collection":[{"href":"https:\/\/technologies.leaseir.com\/es\/wp-json\/wp\/v2\/pages"}],"about":[{"href":"https:\/\/technologies.leaseir.com\/es\/wp-json\/wp\/v2\/types\/page"}],"author":[{"embeddable":true,"href":"https:\/\/technologies.leaseir.com\/es\/wp-json\/wp\/v2\/users\/1"}],"replies":[{"embeddable":true,"href":"https:\/\/technologies.leaseir.com\/es\/wp-json\/wp\/v2\/comments?post=2252"}],"version-history":[{"count":2,"href":"https:\/\/technologies.leaseir.com\/es\/wp-json\/wp\/v2\/pages\/2252\/revisions"}],"predecessor-version":[{"id":2259,"href":"https:\/\/technologies.leaseir.com\/es\/wp-json\/wp\/v2\/pages\/2252\/revisions\/2259"}],"wp:attachment":[{"href":"https:\/\/technologies.leaseir.com\/es\/wp-json\/wp\/v2\/media?parent=2252"}],"curies":[{"name":"wp","href":"https:\/\/api.w.org\/{rel}","templated":true}]}}