{"id":2519,"date":"2023-09-13T16:08:35","date_gmt":"2023-09-13T16:08:35","guid":{"rendered":"https:\/\/technologies.leaseir.com\/leaseir-mhr-xcell\/"},"modified":"2023-09-13T16:30:55","modified_gmt":"2023-09-13T16:30:55","slug":"leaseir-mhr-xcell","status":"publish","type":"page","link":"https:\/\/technologies.leaseir.com\/es\/leaseir-mhr-xcell\/","title":{"rendered":"Leaseir MHR Xcell"},"content":{"rendered":"<p>[vc_row gap=\u00bb35&#8243; equal_height=\u00bbyes\u00bb content_placement=\u00bbbottom\u00bb][vc_column]<div class=\"clearboth\"><\/div><div class=\"sc-divider\" style=\"margin-top: -50px;\"><\/div>[vc_column_text]<\/p>\n<h2><span style=\"color: #808080;\">Leaseir MHR Xcell<b><span style=\"font-size: x-large;\">\u00a0<\/span><\/b><\/span><\/h2>\n<p>[\/vc_column_text][vc_row_inner content_placement=\u00bbtop\u00bb][vc_column_inner width=\u00bb1\/4&#8243; css=\u00bb.vc_custom_1455136538251{background-color: #e6edf4 !important;}\u00bb][vc_column_text]Leaseir MHR Xcell puede tratar con 40 J\/cm2 a 4 Hz utilizando el modo de 30 milisegundos con una pieza de mano Dual 810b. Puede cubrir grandes \u00e1reas del cuerpo a 4Hz manteniendo el zafiro fr\u00edo.<\/p>\n<p>Leaseir MHR Xcell con 2 tama\u00f1os de punto diferentes y piezas de mano extra\u00edbles se adapta a sus necesidades.<\/p>\n<p>Aprobado por la FDA 510(k)<\/p>\n<p>El marcado CE est\u00e1 en proceso[\/vc_column_text][vc_empty_space height=\u00bb125&#8243;][\/vc_column_inner][vc_column_inner width=\u00bb3\/4&#8243; offset=\u00bbvc_hidden-xs\u00bb]<div class=\"preloader\"><\/div>\n<div class=\"gallery-preloader-wrapper\"> <div class=\"row\"> <div class=\"sc-gallery-grid col-lg-12 col-md-12 col-sm-12 gallery-items-masonry columns-3 hover-zooming-blur\" data-hover=\"zooming-blur\"> <ul class=\"gallery-set col-lg-12 col-md-12 col-sm-12 clearfix \"> <li class=\"gallery-item col-lg-8 col-md-8 col-sm-12 col-xs-12 double-item post-2519 page type-page status-publish hentry\"> <div class=\"wrap \"> <div class=\"overlay-wrap\"> <div class=\"image-wrap \"> <img src=\"https:\/\/technologies.leaseir.com\/wp-content\/uploads\/2019\/06\/002-1_2-1-scalia-gallery-masonry-double.jpg\" width=\"880\" height=\"573\" alt=\"\"> <\/div> <div class=\"overlay \"> <a href=\"https:\/\/technologies.leaseir.com\/wp-content\/uploads\/2019\/06\/002-1_2-1.jpg\" class=\"gallery-item-link fancy-gallery\" rel=\"gallery-69e3431d67483\"> <span class=\"slide-info\"> <\/span> <\/a> <div class=\"overlay-content\"> <div class=\"overlay-content-center\"> <div class=\"overlay-content-inner\"> <a href=\"https:\/\/technologies.leaseir.com\/wp-content\/uploads\/2019\/06\/002-1_2-1.jpg\" class=\"icon photo \" > <\/a> <\/div> <\/div> <\/div> <\/div> <\/div> <\/div>\n<\/li> <li class=\"gallery-item col-lg-4 col-md-4 col-sm-6 col-xs-6 post-2519 page type-page status-publish hentry\"> <div class=\"wrap \"> <div class=\"overlay-wrap\"> <div class=\"image-wrap \"> <img src=\"https:\/\/technologies.leaseir.com\/wp-content\/uploads\/2016\/02\/IMG_9167-1-scalia-gallery-masonry.jpg\" width=\"440\" height=\"293\" alt=\"\"> <\/div> <div class=\"overlay \"> <a href=\"https:\/\/technologies.leaseir.com\/wp-content\/uploads\/2016\/02\/IMG_9167-1.jpg\" class=\"gallery-item-link fancy-gallery\" rel=\"gallery-69e3431d67483\"> <span class=\"slide-info\"> <\/span> <\/a> <div class=\"overlay-content\"> <div class=\"overlay-content-center\"> <div class=\"overlay-content-inner\"> <a href=\"https:\/\/technologies.leaseir.com\/wp-content\/uploads\/2016\/02\/IMG_9167-1.jpg\" class=\"icon photo \" > <\/a> <\/div> <\/div> <\/div> <\/div> <\/div> <\/div>\n<\/li> <li class=\"gallery-item col-lg-4 col-md-4 col-sm-6 col-xs-6 post-2519 page type-page status-publish hentry\"> <div class=\"wrap \"> <div class=\"overlay-wrap\"> <div class=\"image-wrap \"> <img src=\"https:\/\/technologies.leaseir.com\/wp-content\/uploads\/2016\/02\/001-1-scalia-gallery-masonry.jpg\" width=\"440\" height=\"293\" alt=\"\"> <\/div> <div class=\"overlay \"> <a href=\"https:\/\/technologies.leaseir.com\/wp-content\/uploads\/2016\/02\/001-1.jpg\" class=\"gallery-item-link fancy-gallery\" rel=\"gallery-69e3431d67483\"> <span class=\"slide-info\"> <\/span> <\/a> <div class=\"overlay-content\"> <div class=\"overlay-content-center\"> <div class=\"overlay-content-inner\"> <a href=\"https:\/\/technologies.leaseir.com\/wp-content\/uploads\/2016\/02\/001-1.jpg\" class=\"icon photo \" > <\/a> <\/div> <\/div> <\/div> <\/div> <\/div> <\/div>\n<\/li> <li class=\"gallery-item col-lg-8 col-md-8 col-sm-12 col-xs-12 double-item post-2519 page type-page status-publish hentry\"> <div class=\"wrap \"> <div class=\"overlay-wrap\"> <div class=\"image-wrap \"> <img src=\"https:\/\/technologies.leaseir.com\/wp-content\/uploads\/2016\/04\/vellosidad_EN-scalia-gallery-masonry-double.jpg\" width=\"568\" height=\"211\" alt=\"\"> <\/div> <div class=\"overlay \"> <a href=\"https:\/\/technologies.leaseir.com\/wp-content\/uploads\/2016\/04\/vellosidad_EN.jpg\" class=\"gallery-item-link fancy-gallery\" rel=\"gallery-69e3431d67483\"> <span class=\"slide-info\"> <\/span> <\/a> <div class=\"overlay-content\"> <div class=\"overlay-content-center\"> <div class=\"overlay-content-inner\"> <a href=\"https:\/\/technologies.leaseir.com\/wp-content\/uploads\/2016\/04\/vellosidad_EN.jpg\" class=\"icon photo \" > <\/a> <\/div> <\/div> <\/div> <\/div> <\/div> <\/div>\n<\/li> <li class=\"gallery-item col-lg-4 col-md-4 col-sm-6 col-xs-6 post-2519 page type-page status-publish hentry\"> <div class=\"wrap \"> <div class=\"overlay-wrap\"> <div class=\"image-wrap \"> <img src=\"https:\/\/technologies.leaseir.com\/wp-content\/uploads\/2019\/06\/chica_2-1-scalia-gallery-masonry.jpg\" width=\"440\" height=\"285\" alt=\"\"> <\/div> <div class=\"overlay \"> <a href=\"https:\/\/technologies.leaseir.com\/wp-content\/uploads\/2019\/06\/chica_2-1.jpg\" class=\"gallery-item-link fancy-gallery\" rel=\"gallery-69e3431d67483\"> <span class=\"slide-info\"> <\/span> <\/a> <div class=\"overlay-content\"> <div class=\"overlay-content-center\"> <div class=\"overlay-content-inner\"> <a href=\"https:\/\/technologies.leaseir.com\/wp-content\/uploads\/2019\/06\/chica_2-1.jpg\" class=\"icon photo \" > <\/a> <\/div> <\/div> <\/div> <\/div> <\/div> <\/div>\n<\/li> <\/ul> <\/div> <\/div> <\/div>[\/vc_column_inner][\/vc_row_inner]<div class=\"clearboth\"><\/div><div class=\"sc-divider\" style=\"margin-top: -8px;\"><\/div>[vc_row_inner][vc_column_inner css=\u00bb.vc_custom_1458081900884{background-color: #f2f2f2 !important;}\u00bb][vc_column_text css=\u00bb.vc_custom_1694621675882{background-color: #f2f2f2 !important;}\u00bb]<span style=\"color: #999999;\">La nueva plataforma con piezas de mano intercambiables est\u00e1 disponible en dos lugares. Leaseir MHR Xcell se adapta a tus necesidades y te acompa\u00f1a en el crecimiento de tu negocio en cada momento<\/span>[\/vc_column_text][\/vc_column_inner][\/vc_row_inner][\/vc_column][\/vc_row][vc_row content_placement=\u00bbtop\u00bb][vc_column]<div class=\"fullwidth-block clearfix styled-marker-top\" style=\"background-color: #f1f5f8;background-image: url(https:\/\/technologies.leaseir.com\/wp-content\/uploads\/2016\/02\/001_pistola_dual_trasero_2-1.jpg);background-position: center top;background-attachment: fixed;padding-top: 70px;padding-bottom: 60px;padding-left: 25px;padding-right: 25px;\"><div class=\"container\">[vc_row_inner][vc_column_inner width=\u00bb1\/12&#8243;]<div class=\"sc-image sc-wrapbox sc-wrapbox-style-default rounded-corners sc-wrapbox-position-below\" style=\"\"><div class=\"sc-wrapbox-inner\"><img class=\"sc-wrapbox-element img-responsive\" src=\"https:\/\/technologies.leaseir.com\/wp-content\/uploads\/2016\/02\/1.png\" alt=\"\"\/><\/div><\/div>[vc_empty_space height=\u00bb20px\u00bb]<div class=\"sc-image sc-wrapbox sc-wrapbox-style-default rounded-corners sc-wrapbox-position-below\" style=\"\"><div class=\"sc-wrapbox-inner\"><img class=\"sc-wrapbox-element img-responsive\" src=\"https:\/\/technologies.leaseir.com\/wp-content\/uploads\/2016\/02\/2.png\" alt=\"\"\/><\/div><\/div>[vc_empty_space height=\u00bb50px\u00bb]<div class=\"sc-image sc-wrapbox sc-wrapbox-style-default rounded-corners sc-wrapbox-position-below\" style=\"\"><div class=\"sc-wrapbox-inner\"><img class=\"sc-wrapbox-element img-responsive\" src=\"https:\/\/technologies.leaseir.com\/wp-content\/uploads\/2016\/02\/3.png\" alt=\"\"\/><\/div><\/div>[vc_empty_space height=\u00bb50px\u00bb]<div class=\"sc-image sc-wrapbox sc-wrapbox-style-default rounded-corners sc-wrapbox-position-below\" style=\"\"><div class=\"sc-wrapbox-inner\"><img class=\"sc-wrapbox-element img-responsive\" src=\"https:\/\/technologies.leaseir.com\/wp-content\/uploads\/2016\/02\/4.png\" alt=\"\"\/><\/div><\/div>[vc_empty_space height=\u00bb110px\u00bb]<div class=\"sc-image sc-wrapbox sc-wrapbox-style-default rounded-corners sc-wrapbox-position-below\" style=\"\"><div class=\"sc-wrapbox-inner\"><img class=\"sc-wrapbox-element img-responsive\" src=\"https:\/\/technologies.leaseir.com\/wp-content\/uploads\/2022\/11\/icono-gris-85x85-1.png\" alt=\"\"\/><\/div><\/div>[\/vc_column_inner][vc_column_inner width=\u00bb7\/12&#8243;][vc_column_text]<\/p>\n<h5><span style=\"color: #ffffff;\"><strong>L\u00e1ser de diodo de alta potencia<\/strong><\/span><\/h5>\n<p>&nbsp;<\/p>\n<h5><span style=\"color: #ffffff;\"><strong><br \/>\nCapaz de trabajar a 4 Hz a m\u00e1xima potencia.<br \/>\n<\/strong>Hasta 40 J\/cm<sup>2<\/sup> en modo autom\u00e1tico, as\u00ed como 30 ms, 100 ms y 400 ms<\/span><\/h5>\n<h5><span style=\"color: #ffffff;\"><strong><br \/>\nPieza de mano reemplazable por el usuario.<\/strong><\/span><br \/>\n<span style=\"color: #ffffff;\">F\u00e1cil cambio de punto y mantenimiento.<\/span><\/h5>\n<h5><span style=\"color: #ffffff;\"><strong><br \/>\nCooling system<\/strong><\/span><br \/>\n<span style=\"color: #ffffff;\">L\u00e1ser fr\u00edo TIP, adormece superficialmente la piel.<\/span><br \/>\n<span style=\"color: #ffffff;\">Sistema de enfriamiento interno, que permite el tratamiento a una temperatura ambiente confortable.<\/span><\/h5>\n<h5><span style=\"color: #ffffff;\"><strong><br \/>\nENERG\u00cdA MEDIA M\u00c1XIMA<\/strong><\/span><br \/>\n<span style=\"color: #ffffff;\">Leaseir MHR Xcell es el l\u00e1ser m\u00e1s productivo y eficaz del mercado alcanzando una energ\u00eda media m\u00e1xima de hasta 370 Jules\/seg duplicando la tecnolog\u00eda media del mercado.<\/span><\/h5>\n<p>[\/vc_column_text][\/vc_column_inner][vc_column_inner width=\u00bb4\/12&#8243;][vc_images_carousel images=\u00bb2428,2434,2440,2446&#8243; img_size=\u00bb350&#215;600&#8243; onclick=\u00bblink_no\u00bb autoplay=\u00bbyes\u00bb hide_prev_next_buttons=\u00bbyes\u00bb wrap=\u00bbyes\u00bb][\/vc_column_inner][\/vc_row_inner]<\/div><\/div>[\/vc_column][\/vc_row][vc_row el_class=\u00bbmargin-bottom: -50px; margin-top: -50px;\u00bb][vc_column]<div class=\"fullwidth-block clearfix\" style=\"background-color: #545454;background-position: center top;\"><div class=\"container\"><div class=\"clearboth\"><\/div><div class=\"sc-divider\" style=\"margin-top: 10px;margin-bottom: 10px;\"><\/div>[vc_row_inner][vc_column_inner width=\u00bb1\/2&#8243;]<div class=\"clearboth\"><\/div><div class=\"sc-divider\" style=\"\"><\/div>[vc_single_image image=\u00bb2458&#8243; img_size=\u00bbfull\u00bb alignment=\u00bbcenter\u00bb]<div class=\"clearboth\"><\/div><div class=\"sc-divider\" style=\"\"><\/div>[vc_single_image image=\u00bb2452&#8243; img_size=\u00bbfull\u00bb alignment=\u00bbcenter\u00bb css_animation=\u00bbtop-to-bottom\u00bb]<div class=\"clearboth\"><\/div><div class=\"sc-divider\" style=\"margin-top: 20px;\"><\/div>[vc_column_text]<\/p>\n<h4 style=\"text-align: center;\"><span style=\"color: #ededed;\">2,0 cm<sup>2<\/sup><\/span><\/h4>\n<p>[\/vc_column_text][\/vc_column_inner][vc_column_inner width=\u00bb1\/2&#8243;]<div class=\"clearboth\"><\/div><div class=\"sc-divider\" style=\"\"><\/div>[vc_single_image image=\u00bb2470&#8243; img_size=\u00bbfull\u00bb alignment=\u00bbcenter\u00bb]<div class=\"clearboth\"><\/div><div class=\"sc-divider\" style=\"\"><\/div>[vc_single_image image=\u00bb2464&#8243; img_size=\u00bbfull\u00bb alignment=\u00bbcenter\u00bb css_animation=\u00bbtop-to-bottom\u00bb]<div class=\"clearboth\"><\/div><div class=\"sc-divider\" style=\"margin-top: 20px;\"><\/div>[vc_column_text]<\/p>\n<h4 style=\"text-align: center;\"><span style=\"color: #ededed;\">3,7\u00a0cm<sup>2<\/sup><\/span><\/h4>\n<p>[\/vc_column_text][\/vc_column_inner][\/vc_row_inner]<div class=\"clearboth\"><\/div><div class=\"sc-divider\" style=\"margin-top: 10px;\"><\/div><\/div><\/div>[\/vc_column][\/vc_row][vc_row][vc_column][vc_column_text]<\/p>\n<h3 style=\"text-align: left;\">ESPECIFICACIONES T\u00c9CNICAS<\/h3>\n<p>[\/vc_column_text][vc_tta_tabs][vc_tta_section i_icon_fontawesome=\u00bb\u00bb add_icon=\u00bbtrue\u00bb title=\u00bbPIEZA DE MANO\u00bb tab_id=\u00bb1455556720708-e0410724-272a2c95-4cd4&#8243;]<\/p>\n<div class=\"sc-table rounded-corners sc-table-responsive shadow-box sc-table-style-1 row-headers\">\n<table style=\"width: 100%;\">\n<thead>\n<tr>\n<th><span style=\"color: #000000;\">Modelo<\/span><\/th>\n<th><span style=\"color: #ff8091;\">Lugar<\/span><\/th>\n<th>LONGITUD DE ONDA<\/th>\n<th>TASA DE REPETICI\u00d3N<\/th>\n<th>FLUENCIA M\u00c1XIMA<\/th>\n<th>ANCHO DE PULSO<\/th>\n<\/tr>\n<\/thead>\n<tbody>\n<tr>\n<td style=\"text-align: center;\"><strong>DUAL<\/strong><\/td>\n<td style=\"text-align: center;\"><span style=\"color: #ff8091;\"><strong>2,0 cm<sup>2<\/sup><br \/>\n<\/strong>13,5x15mm<strong><br \/>\n<\/strong><\/span><\/td>\n<td style=\"text-align: center;\">810 nm<\/td>\n<td style=\"text-align: center;\">1 to 4 Hz<br \/>\nand 10 Hz at SP<\/td>\n<td style=\"text-align: center;\">60 J\/cm<sup>2<\/sup><\/td>\n<td style=\"text-align: center;\">1 to\u00a0400 ms<\/td>\n<\/tr>\n<tr>\n<td style=\"text-align: center;\"><strong>QUAD<\/strong><\/td>\n<td style=\"text-align: center;\"><span style=\"color: #ff8091;\"><strong>3,7\u00a0cm<sup>2<\/sup><br \/>\n<\/strong>14,5&#215;25,5mm<strong><br \/>\n<\/strong><\/span><\/td>\n<td style=\"text-align: center;\">810 nm<\/td>\n<td style=\"text-align: center;\">1 to 4 Hz<br \/>\nand 10 Hz at SP<\/td>\n<td style=\"text-align: center;\">48 J\/cm<sup>2<\/sup><\/td>\n<td style=\"text-align: center;\">1 to 400 ms<\/td>\n<\/tr>\n<tr>\n<td style=\"text-align: center;\"><strong>\u00a0<\/strong><\/td>\n<td style=\"text-align: center;\"><\/td>\n<td style=\"text-align: center;\"><\/td>\n<td style=\"text-align: center;\"><\/td>\n<td style=\"text-align: center;\"><\/td>\n<td style=\"text-align: center;\"><\/td>\n<\/tr>\n<\/tbody>\n<\/table>\n<\/div>\n<p>[vc_column_text]<a href=\"https:\/\/technologies.leaseir.com\/wp-content\/uploads\/2022\/11\/Leaseir-MHR-Xcell-Datasheet.pdf\" target=\"_blank\" rel=\"noopener\">DESCARGAR FICHA T\u00c9CNICA<\/a>[\/vc_column_text][\/vc_tta_section][vc_tta_section i_icon_fontawesome=\u00bb\u00bb add_icon=\u00bbtrue\u00bb title=\u00bbLeasier MHR Xcell\u00bb tab_id=\u00bb1455566372367-61ae86b4-4ea12c95-4cd4&#8243;]<\/p>\n<div class=\"sc-table rounded-corners sc-table-responsive shadow-box sc-table-style-1 row-headers\">\n<table style=\"width: 100%;\">\n<thead>\n<tr>\n<th>equipo<\/th>\n<th style=\"width: 70%;\"><\/th>\n<\/tr>\n<\/thead>\n<tbody>\n<tr>\n<td><strong>EQUIPO DE CONSOLA<\/strong><\/td>\n<td>Alto 110 cm, Ancho 45 cm y Fondo 57 cm<\/td>\n<\/tr>\n<tr>\n<td><strong> PESO <\/strong><\/td>\n<td>48 Kg<\/td>\n<\/tr>\n<tr>\n<td><strong>CONDICIONES AMBIENTALES<\/strong><\/td>\n<td>5o-25oC \/ 59-77 F \/ 0-90% de humedad \/ 54-101,3 KPa<\/td>\n<\/tr>\n<tr>\n<td><strong>TIPO DE L\u00c1SER<\/strong><\/td>\n<td>Producto l\u00e1ser clase 4 seg\u00fan EN60825-1<\/td>\n<\/tr>\n<tr>\n<td><strong>FDA 510(k) Cleared<\/strong><\/td>\n<td>K214049<\/td>\n<\/tr>\n<tr>\n<td><strong>N\u00daMERO DE REGLAMENTO<\/strong><\/td>\n<td>21 CFR 878.4810<\/td>\n<\/tr>\n<tr>\n<td>\n<div class=\"page\" title=\"Page 7\">\n<div class=\"section\">\n<div class=\"layoutArea\">\n<div class=\"column\"><strong>C\u00d3DIGO DE PRODUCTO<\/strong><\/div>\n<\/div>\n<\/div>\n<\/div>\n<\/td>\n<td>GEX<\/td>\n<\/tr>\n<\/tbody>\n<\/table>\n<\/div>\n<div class=\"sc-table rounded-corners sc-table-responsive shadow-box sc-table-style-1 row-headers\">\n<table style=\"width: 100%;\">\n<thead>\n<tr>\n<th style=\"text-align: left;\">ESPECIFICACIONES DE LA PLATAFORMA<\/th>\n<th style=\"width: 70%;\">DUAL 810b\u00a0| QUAD 810b<\/th>\n<\/tr>\n<\/thead>\n<tbody>\n<tr>\n<td style=\"text-align: left;\"><strong>TASA DE REPETICI\u00d3N<\/strong><\/td>\n<td style=\"text-align: center;\">1 a 4 Hz y 10 Hz en modo SP<\/td>\n<\/tr>\n<tr>\n<td><strong>TAMA\u00d1O DEL PUNTO<\/strong><\/td>\n<td style=\"text-align: center;\">13,5 X 15 mm <strong>|<\/strong><strong>|<\/strong>14,5 X<\/td>\n<\/tr>\n<tr>\n<td><strong>LONGITUD DE ONDA<\/strong><\/td>\n<td style=\"text-align: center;\">810mm<\/td>\n<\/tr>\n<tr>\n<td><strong>FLUENCIA M\u00c1XIMA<\/strong><\/td>\n<td style=\"text-align: center;\">60J\/cm2 <strong>||<\/strong> 48J\/cm2<\/td>\n<\/tr>\n<tr>\n<td><strong>ANCHO DE PULSO<\/strong><\/td>\n<td style=\"text-align: center;\">1 to 400 ms<\/td>\n<\/tr>\n<\/tbody>\n<\/table>\n<\/div>\n<div class=\"sc-table rounded-corners sc-table-responsive shadow-box sc-table-style-1 row-headers\">\n<table style=\"width: 100%;\">\n<thead>\n<tr>\n<th style=\"text-align: left;\"><span style=\"color: #ff8091;\">Otras especificaciones<\/span><\/th>\n<\/tr>\n<\/thead>\n<tbody>\n<tr>\n<td>Sin gastos operativos: sin consumibles, puntas, fibras ni gas criog\u00e9nico<\/td>\n<\/tr>\n<tr>\n<td>Soporte t\u00e9cnico propio<\/td>\n<\/tr>\n<tr>\n<td>Dise\u00f1ado y fabricado en Espa\u00f1a.<\/td>\n<\/tr>\n<\/tbody>\n<\/table>\n<\/div>\n<div class=\"sc-table rounded-corners sc-table-responsive shadow-box sc-table-style-1 row-headers\">\n<table style=\"width: 100%;\">\n<thead>\n<tr>\n<th style=\"text-align: left;\"><span style=\"color: #ff8091;\">Conexiones externas<\/span><\/th>\n<th style=\"width: 70%;\"><\/th>\n<\/tr>\n<\/thead>\n<tbody>\n<tr>\n<td style=\"text-align: left;\"><b>Cable de alimentaci\u00f3n el\u00e9ctrica<br \/>\n<\/b><\/td>\n<td style=\"text-align: left;\">2.4 m.<\/td>\n<\/tr>\n<\/tbody>\n<\/table>\n<\/div>\n<div class=\"sc-table rounded-corners sc-table-responsive shadow-box sc-table-style-1 row-headers\">\n<table style=\"width: 100%;\">\n<thead>\n<tr>\n<th style=\"text-align: left;\">SEGURIDAD OCULAR<\/th>\n<th style=\"width: 70%;\"><\/th>\n<\/tr>\n<\/thead>\n<tbody>\n<tr>\n<td style=\"text-align: left;\"><b>OD 6+ @ 790 &#8211; 830nm \u00a0<\/b><\/td>\n<td style=\"text-align: left;\"><\/td>\n<\/tr>\n<\/tbody>\n<\/table>\n<\/div>\n<p>[\/vc_tta_section][vc_tta_section i_icon_fontawesome=\u00bb\u00bb add_icon=\u00bbtrue\u00bb title=\u00bbPANTALLA T\u00c1CTIL\u00bb tab_id=\u00bb1455556720709-d2a0ef14-12212c95-4cd4&#8243;]<\/p>\n<div class=\"sc-table rounded-corners sc-table-responsive shadow-box sc-table-style-1\">\n<table style=\"width: 100%;\">\n<thead>\n<tr>\n<th style=\"text-align: left;\">\u00a0Panel LCD<\/th>\n<th style=\"width: 70%;\"><\/th>\n<\/tr>\n<\/thead>\n<tbody>\n<tr>\n<td style=\"text-align: left;\"><strong>tama\u00f1o de la pantalla<\/strong><\/td>\n<td style=\"text-align: left;\">15&#8243; Panel de retroiluminaci\u00f3n LED<\/td>\n<\/tr>\n<tr>\n<td><strong>Resoluci\u00f3n<\/strong><\/td>\n<td>768&#215;1024 XGA<\/td>\n<\/tr>\n<tr>\n<td><strong>\u00c1ngulo de visi\u00f3n (H\/V\u00ba)<\/strong><\/td>\n<td>176\/176<\/td>\n<\/tr>\n<tr>\n<td><strong>Brillo<\/strong><\/td>\n<td>500 liendres<\/td>\n<\/tr>\n<tr>\n<td><strong>Relaci\u00f3n de contraste<\/strong><\/td>\n<td>2500:1<\/td>\n<\/tr>\n<tr>\n<td><strong>Tiempo de respuesta (ms)<\/strong><\/td>\n<td>8 ms<\/td>\n<\/tr>\n<\/tbody>\n<\/table>\n<\/div>\n<div class=\"sc-table rounded-corners sc-table-responsive shadow-box sc-table-style-1 row-headers\">\n<table style=\"width: 100%;\">\n<thead>\n<tr>\n<th style=\"text-align: left;\"><span style=\"color: #ff8091;\">Pantalla t\u00e1ctil<\/span><\/th>\n<th style=\"width: 70%;\"><\/th>\n<\/tr>\n<\/thead>\n<tbody>\n<tr>\n<td style=\"text-align: left;\"><strong>Dimensiones (W x H)<\/strong><\/td>\n<td style=\"text-align: left;\">326.5 x 253.5 mm<\/td>\n<\/tr>\n<tr>\n<td><strong>Pantalla t\u00e1ctil<\/strong><\/td>\n<td>Resistivo de 5 hilos<\/td>\n<\/tr>\n<\/tbody>\n<\/table>\n<\/div>\n<div class=\"sc-table rounded-corners sc-table-responsive shadow-box sc-table-style-1 row-headers\">\n<table style=\"width: 100%;\">\n<thead>\n<tr>\n<th style=\"text-align: left;\">Ambiente<\/th>\n<th style=\"width: 70%;\"><strong>\u00a0<\/strong><\/th>\n<\/tr>\n<\/thead>\n<tbody>\n<tr>\n<td style=\"text-align: left;\"><strong>Temperatura de funcionamiento<\/strong><\/td>\n<td style=\"text-align: left;\">-20 ~ 70\u00b0 C<\/td>\n<\/tr>\n<tr>\n<td><strong>Temperatura de almacenamiento<\/strong><\/td>\n<td>-40 ~ 80\u00b0 C<\/td>\n<\/tr>\n<tr>\n<td><strong>Humedad<\/strong><\/td>\n<td>10~ 90 % a 39 \u00b0C, sin condensaci\u00f3n<\/td>\n<\/tr>\n<\/tbody>\n<\/table>\n<\/div>\n<p>[\/vc_tta_section][\/vc_tta_tabs][\/vc_column][\/vc_row][vc_row][vc_column]<div class=\"fullwidth-block clearfix\" style=\"background-position: center top;\"><div class=\"preloader\"><\/div><div class=\"sc-testimonials fullwidth-block\">\n<div id=\"post-1203\" class=\"sc-testimonial-item post-1203 scalia_testimonial type-scalia_testimonial status-publish has-post-thumbnail hentry\"> <div class=\"sc-testimonial-image\"> <img width=\"256\" height=\"256\" src=\"https:\/\/technologies.leaseir.com\/wp-content\/uploads\/2016\/02\/calatayud_logo-1-scalia-testimonial.jpg\" class=\"img-responsive img-circle wp-post-image\" alt=\"calatayud_logo\" loading=\"lazy\" \/>\t<\/div> <blockquote class=\"sc-testimonial-text\"> <p>We acquired the Leaseir equipment for our clinics because it offers us the highest speed and power in different work modes. I am delighted with the equipment, not only for its performance, but for the result and the efficiency of the hair removal. It is remarkable to see the reduction in hair density after each session. Moreover, the powerful cooling system is outstanding and makes hair removal painless.<\/p> <\/blockquote> <div class=\"sc-testimonial-name\">Dr Heisman Pereira<\/div>\t<div class=\"sc-testimonial-position\">Manager, Clinica Pereira<\/div><\/div>\n<div id=\"post-1204\" class=\"sc-testimonial-item post-1204 scalia_testimonial type-scalia_testimonial status-publish has-post-thumbnail hentry\"> <div class=\"sc-testimonial-image\"> <img width=\"256\" height=\"256\" src=\"https:\/\/technologies.leaseir.com\/wp-content\/uploads\/2016\/02\/affectum-1-scalia-testimonial.jpg\" class=\"img-responsive img-circle wp-post-image\" alt=\"affectum\" loading=\"lazy\" \/>\t<\/div> <blockquote class=\"sc-testimonial-text\"> <p>In Dermoestetica Affectum we took the decision to acquire Leaseir Single platform and it has been the appropriate decision, as results have shown extraordinary. Single is a platform that provides all the requirements that we were looking to offer to our customers, the best hair removal system with great power, security and best results.<br \/>\nThanks to its powerful refrigeration system the pain feeling is lower than in any other system, as well as the different modes that allow a secure and efficient hair removal to different customer profiles<\/p> <\/blockquote> <div class=\"sc-testimonial-name\">Jos\u00e9 Jim\u00e9nez<\/div>\t<div class=\"sc-testimonial-position\">Manager, Dermoest\u00e9tica Affectum<\/div><\/div><\/div><\/div>[\/vc_column][\/vc_row][vc_row][vc_column][\/vc_column][\/vc_row]<\/p>\n","protected":false},"excerpt":{"rendered":"<p>[vc_row gap=\u00bb35&#8243; equal_height=\u00bbyes\u00bb content_placement=\u00bbbottom\u00bb][vc_column][vc_column_text] Leaseir MHR Xcell\u00a0 [\/vc_column_text][vc_row_inner content_placement=\u00bbtop\u00bb][vc_column_inner width=\u00bb1\/4&#8243; css=\u00bb.vc_custom_1455136538251{background-color: #e6edf4 !important;}\u00bb][vc_column_text]Leaseir MHR Xcell puede tratar con 40 J\/cm2&#8230;<\/p>\n","protected":false},"author":1,"featured_media":0,"parent":0,"menu_order":0,"comment_status":"closed","ping_status":"closed","template":"","meta":[],"_links":{"self":[{"href":"https:\/\/technologies.leaseir.com\/es\/wp-json\/wp\/v2\/pages\/2519"}],"collection":[{"href":"https:\/\/technologies.leaseir.com\/es\/wp-json\/wp\/v2\/pages"}],"about":[{"href":"https:\/\/technologies.leaseir.com\/es\/wp-json\/wp\/v2\/types\/page"}],"author":[{"embeddable":true,"href":"https:\/\/technologies.leaseir.com\/es\/wp-json\/wp\/v2\/users\/1"}],"replies":[{"embeddable":true,"href":"https:\/\/technologies.leaseir.com\/es\/wp-json\/wp\/v2\/comments?post=2519"}],"version-history":[{"count":5,"href":"https:\/\/technologies.leaseir.com\/es\/wp-json\/wp\/v2\/pages\/2519\/revisions"}],"predecessor-version":[{"id":2534,"href":"https:\/\/technologies.leaseir.com\/es\/wp-json\/wp\/v2\/pages\/2519\/revisions\/2534"}],"wp:attachment":[{"href":"https:\/\/technologies.leaseir.com\/es\/wp-json\/wp\/v2\/media?parent=2519"}],"curies":[{"name":"wp","href":"https:\/\/api.w.org\/{rel}","templated":true}]}}