{"id":2544,"date":"2023-09-14T08:08:07","date_gmt":"2023-09-14T08:08:07","guid":{"rendered":"https:\/\/technologies.leaseir.com\/?page_id=2544"},"modified":"2023-09-14T08:20:57","modified_gmt":"2023-09-14T08:20:57","slug":"leaseir-mhr-xcell-cosmetic","status":"publish","type":"page","link":"https:\/\/technologies.leaseir.com\/es\/leaseir-mhr-xcell-cosmetic\/","title":{"rendered":"Leaseir MHR Xcell Cosmetic"},"content":{"rendered":"<p>[vc_row gap=\u00bb35&#8243; equal_height=\u00bbyes\u00bb content_placement=\u00bbbottom\u00bb][vc_column]<div class=\"clearboth\"><\/div><div class=\"sc-divider\" style=\"margin-top: -50px;\"><\/div>[vc_column_text]<\/p>\n<h2><span style=\"color: #808080;\">Leaseir MHR Xcell<b><span style=\"font-size: x-large;\"> Cosmetic<\/span><\/b><\/span><\/h2>\n<p>[\/vc_column_text][vc_row_inner content_placement=\u00bbtop\u00bb][vc_column_inner width=\u00bb1\/4&#8243; css=\u00bb.vc_custom_1455136538251{background-color: #e6edf4 !important;}\u00bb][vc_column_text]Leaseir MHR Xcell Cosmetic puede tratar con 40 J\/cm2 a 4 Hz utilizando el modo de 30 milisegundos con una pieza de mano Dual 810b. Puede cubrir grandes \u00e1reas del cuerpo a 4Hz manteniendo el zafiro fr\u00edo.<\/p>\n<p>Leaseir MHR Xcel Cosmeticl con 3 tama\u00f1os de punto diferentes y piezas de mano extra\u00edbles se adapta a sus necesidades.<\/p>\n<p>El marcado CE est\u00e1 en proceso[\/vc_column_text][vc_empty_space height=\u00bb125&#8243;][\/vc_column_inner][vc_column_inner width=\u00bb3\/4&#8243; offset=\u00bbvc_hidden-xs\u00bb]<div class=\"preloader\"><\/div>\n<div class=\"gallery-preloader-wrapper\"> <div class=\"row\"> <div class=\"sc-gallery-grid col-lg-12 col-md-12 col-sm-12 gallery-items-masonry columns-3 hover-zooming-blur\" data-hover=\"zooming-blur\"> <ul class=\"gallery-set col-lg-12 col-md-12 col-sm-12 clearfix \"> <li class=\"gallery-item col-lg-8 col-md-8 col-sm-12 col-xs-12 double-item post-2544 page type-page status-publish hentry\"> <div class=\"wrap \"> <div class=\"overlay-wrap\"> <div class=\"image-wrap \"> <img src=\"https:\/\/technologies.leaseir.com\/wp-content\/uploads\/2019\/06\/002-1_2-1-scalia-gallery-masonry-double.jpg\" width=\"880\" height=\"573\" alt=\"\"> <\/div> <div class=\"overlay \"> <a href=\"https:\/\/technologies.leaseir.com\/wp-content\/uploads\/2019\/06\/002-1_2-1.jpg\" class=\"gallery-item-link fancy-gallery\" rel=\"gallery-69e0b443255ee\"> <span class=\"slide-info\"> <\/span> <\/a> <div class=\"overlay-content\"> <div class=\"overlay-content-center\"> <div class=\"overlay-content-inner\"> <a href=\"https:\/\/technologies.leaseir.com\/wp-content\/uploads\/2019\/06\/002-1_2-1.jpg\" class=\"icon photo \" > <\/a> <\/div> <\/div> <\/div> <\/div> <\/div> <\/div>\n<\/li> <li class=\"gallery-item col-lg-4 col-md-4 col-sm-6 col-xs-6 post-2544 page type-page status-publish hentry\"> <div class=\"wrap \"> <div class=\"overlay-wrap\"> <div class=\"image-wrap \"> <img src=\"https:\/\/technologies.leaseir.com\/wp-content\/uploads\/2016\/02\/IMG_9167-1-scalia-gallery-masonry.jpg\" width=\"440\" height=\"293\" alt=\"\"> <\/div> <div class=\"overlay \"> <a href=\"https:\/\/technologies.leaseir.com\/wp-content\/uploads\/2016\/02\/IMG_9167-1.jpg\" class=\"gallery-item-link fancy-gallery\" rel=\"gallery-69e0b443255ee\"> <span class=\"slide-info\"> <\/span> <\/a> <div class=\"overlay-content\"> <div class=\"overlay-content-center\"> <div class=\"overlay-content-inner\"> <a href=\"https:\/\/technologies.leaseir.com\/wp-content\/uploads\/2016\/02\/IMG_9167-1.jpg\" class=\"icon photo \" > <\/a> <\/div> <\/div> <\/div> <\/div> <\/div> <\/div>\n<\/li> <li class=\"gallery-item col-lg-4 col-md-4 col-sm-6 col-xs-6 post-2544 page type-page status-publish hentry\"> <div class=\"wrap \"> <div class=\"overlay-wrap\"> <div class=\"image-wrap \"> <img src=\"https:\/\/technologies.leaseir.com\/wp-content\/uploads\/2016\/02\/001-1-scalia-gallery-masonry.jpg\" width=\"440\" height=\"293\" alt=\"\"> <\/div> <div class=\"overlay \"> <a href=\"https:\/\/technologies.leaseir.com\/wp-content\/uploads\/2016\/02\/001-1.jpg\" class=\"gallery-item-link fancy-gallery\" rel=\"gallery-69e0b443255ee\"> <span class=\"slide-info\"> <\/span> <\/a> <div class=\"overlay-content\"> <div class=\"overlay-content-center\"> <div class=\"overlay-content-inner\"> <a href=\"https:\/\/technologies.leaseir.com\/wp-content\/uploads\/2016\/02\/001-1.jpg\" class=\"icon photo \" > <\/a> <\/div> <\/div> <\/div> <\/div> <\/div> <\/div>\n<\/li> <li class=\"gallery-item col-lg-8 col-md-8 col-sm-12 col-xs-12 double-item post-2544 page type-page status-publish hentry\"> <div class=\"wrap \"> <div class=\"overlay-wrap\"> <div class=\"image-wrap \"> <img src=\"https:\/\/technologies.leaseir.com\/wp-content\/uploads\/2016\/04\/vellosidad_EN-scalia-gallery-masonry-double.jpg\" width=\"568\" height=\"211\" alt=\"\"> <\/div> <div class=\"overlay \"> <a href=\"https:\/\/technologies.leaseir.com\/wp-content\/uploads\/2016\/04\/vellosidad_EN.jpg\" class=\"gallery-item-link fancy-gallery\" rel=\"gallery-69e0b443255ee\"> <span class=\"slide-info\"> <\/span> <\/a> <div class=\"overlay-content\"> <div class=\"overlay-content-center\"> <div class=\"overlay-content-inner\"> <a href=\"https:\/\/technologies.leaseir.com\/wp-content\/uploads\/2016\/04\/vellosidad_EN.jpg\" class=\"icon photo \" > <\/a> <\/div> <\/div> <\/div> <\/div> <\/div> <\/div>\n<\/li> <li class=\"gallery-item col-lg-4 col-md-4 col-sm-6 col-xs-6 post-2544 page type-page status-publish hentry\"> <div class=\"wrap \"> <div class=\"overlay-wrap\"> <div class=\"image-wrap \"> <img src=\"https:\/\/technologies.leaseir.com\/wp-content\/uploads\/2019\/06\/chica_2-1-scalia-gallery-masonry.jpg\" width=\"440\" height=\"285\" alt=\"\"> <\/div> <div class=\"overlay \"> <a href=\"https:\/\/technologies.leaseir.com\/wp-content\/uploads\/2019\/06\/chica_2-1.jpg\" class=\"gallery-item-link fancy-gallery\" rel=\"gallery-69e0b443255ee\"> <span class=\"slide-info\"> <\/span> <\/a> <div class=\"overlay-content\"> <div class=\"overlay-content-center\"> <div class=\"overlay-content-inner\"> <a href=\"https:\/\/technologies.leaseir.com\/wp-content\/uploads\/2019\/06\/chica_2-1.jpg\" class=\"icon photo \" > <\/a> <\/div> <\/div> <\/div> <\/div> <\/div> <\/div>\n<\/li> <\/ul> <\/div> <\/div> <\/div>[\/vc_column_inner][\/vc_row_inner]<div class=\"clearboth\"><\/div><div class=\"sc-divider\" style=\"margin-top: -8px;\"><\/div>[vc_row_inner][vc_column_inner css=\u00bb.vc_custom_1458081900884{background-color: #f2f2f2 !important;}\u00bb][vc_column_text css=\u00bb.vc_custom_1694621675882{background-color: #f2f2f2 !important;}\u00bb]<span style=\"color: #999999;\">La nueva plataforma con piezas de mano intercambiables est\u00e1 disponible en dos lugares. Leaseir MHR Xcell se adapta a tus necesidades y te acompa\u00f1a en el crecimiento de tu negocio en cada momento<\/span>[\/vc_column_text][\/vc_column_inner][\/vc_row_inner][\/vc_column][\/vc_row][vc_row content_placement=\u00bbtop\u00bb][vc_column]<div class=\"fullwidth-block clearfix styled-marker-top\" style=\"background-color: #f1f5f8;background-image: url(https:\/\/technologies.leaseir.com\/wp-content\/uploads\/2016\/02\/001_pistola_dual_trasero_2-1.jpg);background-position: center top;background-attachment: fixed;padding-top: 70px;padding-bottom: 60px;padding-left: 25px;padding-right: 25px;\"><div class=\"container\">[vc_row_inner][vc_column_inner width=\u00bb1\/12&#8243;]<div class=\"sc-image sc-wrapbox sc-wrapbox-style-default rounded-corners sc-wrapbox-position-below\" style=\"\"><div class=\"sc-wrapbox-inner\"><img class=\"sc-wrapbox-element img-responsive\" src=\"https:\/\/technologies.leaseir.com\/wp-content\/uploads\/2016\/02\/1.png\" alt=\"\"\/><\/div><\/div>[vc_empty_space height=\u00bb20px\u00bb]<div class=\"sc-image sc-wrapbox sc-wrapbox-style-default rounded-corners sc-wrapbox-position-below\" style=\"\"><div class=\"sc-wrapbox-inner\"><img class=\"sc-wrapbox-element img-responsive\" src=\"https:\/\/technologies.leaseir.com\/wp-content\/uploads\/2016\/02\/2.png\" alt=\"\"\/><\/div><\/div>[vc_empty_space height=\u00bb50px\u00bb]<div class=\"sc-image sc-wrapbox sc-wrapbox-style-default rounded-corners sc-wrapbox-position-below\" style=\"\"><div class=\"sc-wrapbox-inner\"><img class=\"sc-wrapbox-element img-responsive\" src=\"https:\/\/technologies.leaseir.com\/wp-content\/uploads\/2016\/02\/3.png\" alt=\"\"\/><\/div><\/div>[vc_empty_space height=\u00bb50px\u00bb]<div class=\"sc-image sc-wrapbox sc-wrapbox-style-default rounded-corners sc-wrapbox-position-below\" style=\"\"><div class=\"sc-wrapbox-inner\"><img class=\"sc-wrapbox-element img-responsive\" src=\"https:\/\/technologies.leaseir.com\/wp-content\/uploads\/2016\/02\/4.png\" alt=\"\"\/><\/div><\/div>[vc_empty_space height=\u00bb110px\u00bb]<div class=\"sc-image sc-wrapbox sc-wrapbox-style-default rounded-corners sc-wrapbox-position-below\" style=\"\"><div class=\"sc-wrapbox-inner\"><img class=\"sc-wrapbox-element img-responsive\" src=\"https:\/\/technologies.leaseir.com\/wp-content\/uploads\/2022\/11\/icono-gris-85x85-1.png\" alt=\"\"\/><\/div><\/div>[\/vc_column_inner][vc_column_inner width=\u00bb7\/12&#8243;][vc_column_text]<\/p>\n<h5><span style=\"color: #ffffff;\"><strong>L\u00e1ser de diodo de alta potencia<\/strong><\/span><\/h5>\n<p>&nbsp;<\/p>\n<h5><span style=\"color: #ffffff;\"><strong><br \/>\nCapaz de trabajar a 4 Hz a m\u00e1xima potencia.<br \/>\n<\/strong>Hasta 40 J\/cm<sup>2<\/sup> en modo autom\u00e1tico, as\u00ed como 30 ms, 100 ms y 400 ms<\/span><\/h5>\n<h5><span style=\"color: #ffffff;\"><strong><br \/>\nPieza de mano reemplazable por el usuario.<\/strong><\/span><br \/>\n<span style=\"color: #ffffff;\">F\u00e1cil cambio de punto y mantenimiento.<\/span><\/h5>\n<h5><span style=\"color: #ffffff;\"><strong><br \/>\nCooling system<\/strong><\/span><br \/>\n<span style=\"color: #ffffff;\">L\u00e1ser fr\u00edo TIP, adormece superficialmente la piel.<\/span><br \/>\n<span style=\"color: #ffffff;\">Sistema de enfriamiento interno, que permite el tratamiento a una temperatura ambiente confortable.<\/span><\/h5>\n<h5><span style=\"color: #ffffff;\"><strong><br \/>\nENERG\u00cdA MEDIA M\u00c1XIMA<\/strong><\/span><br \/>\n<span style=\"color: #ffffff;\">Leaseir MHR Xcell es el l\u00e1ser m\u00e1s productivo y eficaz del mercado alcanzando una energ\u00eda media m\u00e1xima de hasta 370 Jules\/seg duplicando la tecnolog\u00eda media del mercado.<\/span><\/h5>\n<p>[\/vc_column_text][\/vc_column_inner][vc_column_inner width=\u00bb4\/12&#8243;][vc_images_carousel images=\u00bb2428,2434,2440,2446&#8243; img_size=\u00bb350&#215;600&#8243; onclick=\u00bblink_no\u00bb autoplay=\u00bbyes\u00bb hide_prev_next_buttons=\u00bbyes\u00bb wrap=\u00bbyes\u00bb][\/vc_column_inner][\/vc_row_inner]<\/div><\/div>[\/vc_column][\/vc_row][vc_row el_class=\u00bbmargin-bottom: -50px; margin-top: -50px;\u00bb][vc_column]<div class=\"fullwidth-block clearfix\" style=\"background-color: #545454;background-position: center top;\"><div class=\"container\"><div class=\"clearboth\"><\/div><div class=\"sc-divider\" style=\"margin-top: 10px;margin-bottom: 10px;\"><\/div>[vc_row_inner][vc_column_inner width=\u00bb1\/2&#8243;]<div class=\"clearboth\"><\/div><div class=\"sc-divider\" style=\"\"><\/div>[vc_single_image image=\u00bb2458&#8243; img_size=\u00bbfull\u00bb alignment=\u00bbcenter\u00bb]<div class=\"clearboth\"><\/div><div class=\"sc-divider\" style=\"\"><\/div>[vc_single_image image=\u00bb2452&#8243; img_size=\u00bbfull\u00bb alignment=\u00bbcenter\u00bb css_animation=\u00bbtop-to-bottom\u00bb]<div class=\"clearboth\"><\/div><div class=\"sc-divider\" style=\"margin-top: 20px;\"><\/div>[vc_column_text]<\/p>\n<h4 style=\"text-align: center;\"><span style=\"color: #ededed;\">2,0 cm<sup>2<\/sup><\/span><\/h4>\n<p>[\/vc_column_text][\/vc_column_inner][vc_column_inner width=\u00bb1\/2&#8243;]<div class=\"clearboth\"><\/div><div class=\"sc-divider\" style=\"\"><\/div>[vc_single_image image=\u00bb2470&#8243; img_size=\u00bbfull\u00bb alignment=\u00bbcenter\u00bb]<div class=\"clearboth\"><\/div><div class=\"sc-divider\" style=\"\"><\/div>[vc_single_image image=\u00bb2464&#8243; img_size=\u00bbfull\u00bb alignment=\u00bbcenter\u00bb css_animation=\u00bbtop-to-bottom\u00bb]<div class=\"clearboth\"><\/div><div class=\"sc-divider\" style=\"margin-top: 20px;\"><\/div>[vc_column_text]<\/p>\n<h4 style=\"text-align: center;\"><span style=\"color: #ededed;\">3,7\u00a0cm<sup>2<\/sup><\/span><\/h4>\n<p>[\/vc_column_text][\/vc_column_inner][\/vc_row_inner]<div class=\"clearboth\"><\/div><div class=\"sc-divider\" style=\"margin-top: 10px;\"><\/div><\/div><\/div>[\/vc_column][\/vc_row][vc_row][vc_column][vc_column_text]<\/p>\n<h3 style=\"text-align: left;\">ESPECIFICACIONES T\u00c9CNICAS<\/h3>\n<p>[\/vc_column_text][vc_tta_tabs][vc_tta_section i_icon_fontawesome=\u00bb\u00bb add_icon=\u00bbtrue\u00bb title=\u00bbPIEZA DE MANO\u00bb tab_id=\u00bb1455556720708-e0410724-272a2c95-4cd4&#8243;]<\/p>\n<div class=\"sc-table rounded-corners sc-table-responsive shadow-box sc-table-style-1 row-headers\">\n<table style=\"width: 100%;\">\n<thead>\n<tr>\n<th>Piezas de mano est\u00e9ticas 810-b<\/th>\n<th style=\"width: 70%;\">\n<div class=\"page\" title=\"Page 90\">\n<div class=\"section\">\n<div class=\"layoutArea\">\n<div class=\"column\">\u00daNICO-Aesth-810-b || DUAL-Aesth-810-b || QUAD-Aesth-810-b<\/div>\n<\/div>\n<\/div>\n<\/div>\n<\/th>\n<\/tr>\n<\/thead>\n<tbody>\n<tr>\n<td><strong>Tipo de l\u00e1ser<\/strong><\/td>\n<td>Pila de diodos de AlGaAs<\/td>\n<\/tr>\n<tr>\n<td><strong>Potencia el\u00e9ctrica m\u00e1xima<\/strong><\/td>\n<td>3650W || 7300W<\/td>\n<\/tr>\n<tr>\n<td><strong>Potencia m\u00e1xima \u00f3ptica<\/strong><\/td>\n<td>2000W || 4000W<\/td>\n<\/tr>\n<tr>\n<td><strong>Potencia m\u00e1xima \u00f3ptica (in situ)<\/strong><\/td>\n<td>1900W || 3800W<\/td>\n<\/tr>\n<tr>\n<td><strong>Longitud de onda nominal<\/strong><\/td>\n<td>808nm<\/td>\n<\/tr>\n<tr>\n<td><strong>Longitud del pulso<\/strong><\/td>\n<td>1-400ms<\/td>\n<\/tr>\n<tr>\n<td>\n<div class=\"page\" title=\"Page 7\">\n<div class=\"section\">\n<div class=\"layoutArea\">\n<div class=\"column\"><strong>Tasa de repetici\u00f3n de pulso<\/strong><\/div>\n<\/div>\n<\/div>\n<\/div>\n<\/td>\n<td>1,2,3,4Hz est\u00e1tica, 10Hz din\u00e1mica<\/td>\n<\/tr>\n<tr>\n<td><strong> Abertura <\/strong><\/td>\n<td>9x9mm || 13,5x15mm || 14,5&#215;25,5mm<\/td>\n<\/tr>\n<tr>\n<td><strong>M\u00e1x. Fluencia<\/strong><\/td>\n<td>40 J\/cm2 (50 J\/CM2 en modo 400 ms) | 40 J\/cm2 (50 J\/CM2 en modo 400 ms) | 25 J\/cm2 (48 J\/CM2 en modo 400 ms)<\/td>\n<\/tr>\n<tr>\n<td><strong>Divergencia del haz<\/strong><\/td>\n<td>60\u00ba<\/td>\n<\/tr>\n<tr>\n<td><strong>Peso de la pieza de mano<\/strong><\/td>\n<td>2,1Kg<\/td>\n<\/tr>\n<tr>\n<td><strong>Peso de los accesorios del estuche (sin pieza de mano)<\/strong><b>handpiece)<\/b><\/td>\n<td>4,6Kg<\/td>\n<\/tr>\n<tr>\n<td><strong>Longitud umbilical<\/strong><\/td>\n<td>2m<\/td>\n<\/tr>\n<\/tbody>\n<\/table>\n<\/div>\n<div class=\"sc-table rounded-corners sc-table-responsive shadow-box sc-table-style-1 row-headers\">\n<table style=\"width: 100%;\">\n<thead>\n<tr>\n<th>Piezas de mano de mezcla est\u00e9tica<\/th>\n<th style=\"width: 70%;\">DUAL-Aesth-BLEND-b || QUAD-Aesth-BLEND-b<\/th>\n<\/tr>\n<\/thead>\n<tbody>\n<tr>\n<td><strong>Tipo de l\u00e1ser<\/strong><\/td>\n<td>Pila de diodos de AlGaAs<\/td>\n<\/tr>\n<tr>\n<td><strong>Potencia el\u00e9ctrica m\u00e1xima<\/strong><\/td>\n<td>6000W<\/td>\n<\/tr>\n<tr>\n<td><strong>Potencia m\u00e1xima \u00f3ptica<\/strong><\/td>\n<td>3350W<\/td>\n<\/tr>\n<tr>\n<td><strong>Potencia m\u00e1xima \u00f3ptica (in situ)<\/strong><\/td>\n<td>3200W<\/td>\n<\/tr>\n<tr>\n<td><strong>Longitud de onda nominal<\/strong><\/td>\n<td>808,940,1060nm<\/td>\n<\/tr>\n<tr>\n<td><strong>Longitud del pulso<\/strong><\/td>\n<td>1-400ms<\/td>\n<\/tr>\n<tr>\n<td>\n<div class=\"page\" title=\"Page 7\">\n<div class=\"section\">\n<div class=\"layoutArea\">\n<div class=\"column\"><strong>Tasa de repetici\u00f3n de pulso<\/strong><\/div>\n<\/div>\n<\/div>\n<\/div>\n<\/td>\n<td>1,2,3,4Hz statico, 10Hz dynamico<\/td>\n<\/tr>\n<tr>\n<td><strong>Aberture<\/strong><\/td>\n<td>12x14mm || 14x24mm<\/td>\n<\/tr>\n<tr>\n<td><strong>Max. Potencia<\/strong><\/td>\n<td>30 J\/cm2 (50 J\/CM2 en modo 400 ms) | 23 J\/cm2 (45 J\/CM2 en modo 400 ms)<\/td>\n<\/tr>\n<tr>\n<td><strong>Divergencia del haz<\/strong><\/td>\n<td>60\u00ba<\/td>\n<\/tr>\n<tr>\n<td><strong>Peso de la pieza de mano<\/strong><\/td>\n<td>2,1Kg<\/td>\n<\/tr>\n<tr>\n<td><strong>Peso de los accesorios del estuche (sin pieza de mano)\u00a0<\/strong><b>handpiece)<\/b><\/td>\n<td>4,6Kg<\/td>\n<\/tr>\n<tr>\n<td><strong>Longitud umbilical<\/strong><\/td>\n<td>2m<\/td>\n<\/tr>\n<\/tbody>\n<\/table>\n<\/div>\n<p>[vc_column_text]<a href=\"https:\/\/technologies.leaseir.com\/wp-content\/uploads\/2022\/11\/Leaseir-MHR-Xcell-Datasheet.pdf\" target=\"_blank\" rel=\"noopener\">DESCARGAR FICHA T\u00c9CNICA<\/a>[\/vc_column_text][\/vc_tta_section][vc_tta_section i_icon_fontawesome=\u00bb\u00bb add_icon=\u00bbtrue\u00bb title=\u00bbLeasier MHR Xcell Cosmetic\u00bb tab_id=\u00bb1455566372367-61ae86b4-4ea12c95-4cd4&#8243;]<\/p>\n<div class=\"sc-table rounded-corners sc-table-responsive shadow-box sc-table-style-1 row-headers\">\n<table style=\"width: 100%;\">\n<thead>\n<tr>\n<th>equipo<\/th>\n<th style=\"width: 70%;\"><\/th>\n<\/tr>\n<\/thead>\n<tbody>\n<tr>\n<td><strong> Voltaje <\/strong><\/td>\n<td>100.130V || 220-240V<\/td>\n<\/tr>\n<tr>\n<td><strong>M\u00e1x. Actual<\/strong><\/td>\n<td>16A || 10A<\/td>\n<\/tr>\n<tr>\n<td><strong>Frecuencia<\/strong><\/td>\n<td>50-60Hz<\/td>\n<\/tr>\n<tr>\n<td><strong>Conexi\u00f3n el\u00e9ctrica<\/strong><\/td>\n<td>Monof\u00e1sico puesto a tierra<\/td>\n<\/tr>\n<tr>\n<td><strong>Distancia nominal de peligro para los ojos<\/strong><\/td>\n<td>6m (19,5ft)<\/td>\n<\/tr>\n<tr>\n<td><strong>Gafas de seguridad<\/strong><\/td>\n<td>7+OD @ 750-1100nm<\/td>\n<\/tr>\n<tr>\n<td>\n<div class=\"page\" title=\"Page 7\">\n<div class=\"section\">\n<div class=\"layoutArea\">\n<div class=\"column\"><strong>Rango de temperatura ambiente<\/strong><\/div>\n<\/div>\n<\/div>\n<\/div>\n<\/td>\n<td>15-25\u00baC<\/td>\n<\/tr>\n<tr>\n<td><strong>Humedad de la habitaci\u00f3n<\/strong><\/td>\n<td>10 to 90%<\/td>\n<\/tr>\n<tr>\n<td><strong>Presi\u00f3n atmosf\u00e9rica m\u00ednima\/m\u00e1xima<\/strong><\/td>\n<td>54 to 101,3kPa<\/td>\n<\/tr>\n<tr>\n<td><strong>CDRH<\/strong><\/td>\n<td>Leaser ClassIV<\/td>\n<\/tr>\n<tr>\n<td><strong>Working Classification<\/strong><\/td>\n<td>Intermittent<\/td>\n<\/tr>\n<tr>\n<td><strong>Weight<\/strong><\/td>\n<td>50,5Kg<\/td>\n<\/tr>\n<tr>\n<td><strong>Dimensiones (H,W,L) &#8211; mm<\/strong><\/td>\n<td>1100,450,570<\/td>\n<\/tr>\n<\/tbody>\n<\/table>\n<\/div>\n<p>[\/vc_tta_section][vc_tta_section i_icon_fontawesome=\u00bb\u00bb add_icon=\u00bbtrue\u00bb title=\u00bbPANTALLA T\u00c1CTIL\u00bb tab_id=\u00bb1455556720709-d2a0ef14-12212c95-4cd4&#8243;]<\/p>\n<div class=\"sc-table rounded-corners sc-table-responsive shadow-box sc-table-style-1\">\n<table style=\"width: 100%;\">\n<thead>\n<tr>\n<th style=\"text-align: left;\">\u00a0Panel LCD<\/th>\n<th style=\"width: 70%;\"><\/th>\n<\/tr>\n<\/thead>\n<tbody>\n<tr>\n<td style=\"text-align: left;\"><strong>tama\u00f1o de la pantalla<\/strong><\/td>\n<td style=\"text-align: left;\">15&#8243; Panel de retroiluminaci\u00f3n LED<\/td>\n<\/tr>\n<tr>\n<td><strong>Resoluci\u00f3n<\/strong><\/td>\n<td>768&#215;1024 XGA<\/td>\n<\/tr>\n<tr>\n<td><strong>\u00c1ngulo de visi\u00f3n (H\/V\u00ba)<\/strong><\/td>\n<td>176\/176<\/td>\n<\/tr>\n<tr>\n<td><strong>Brillo<\/strong><\/td>\n<td>500 liendres<\/td>\n<\/tr>\n<tr>\n<td><strong>Relaci\u00f3n de contraste<\/strong><\/td>\n<td>2500:1<\/td>\n<\/tr>\n<tr>\n<td><strong>Tiempo de respuesta (ms)<\/strong><\/td>\n<td>8 ms<\/td>\n<\/tr>\n<\/tbody>\n<\/table>\n<\/div>\n<div class=\"sc-table rounded-corners sc-table-responsive shadow-box sc-table-style-1 row-headers\">\n<table style=\"width: 100%;\">\n<thead>\n<tr>\n<th style=\"text-align: left;\"><span style=\"color: #ff8091;\">Pantalla t\u00e1ctil<\/span><\/th>\n<th style=\"width: 70%;\"><\/th>\n<\/tr>\n<\/thead>\n<tbody>\n<tr>\n<td style=\"text-align: left;\"><strong>Dimensiones (W x H)<\/strong><\/td>\n<td style=\"text-align: left;\">326.5 x 253.5 mm<\/td>\n<\/tr>\n<tr>\n<td><strong>Pantalla t\u00e1ctil<\/strong><\/td>\n<td>Resistivo de 5 hilos<\/td>\n<\/tr>\n<\/tbody>\n<\/table>\n<\/div>\n<div class=\"sc-table rounded-corners sc-table-responsive shadow-box sc-table-style-1 row-headers\">\n<table style=\"width: 100%;\">\n<thead>\n<tr>\n<th style=\"text-align: left;\">Ambiente<\/th>\n<th style=\"width: 70%;\"><strong>\u00a0<\/strong><\/th>\n<\/tr>\n<\/thead>\n<tbody>\n<tr>\n<td style=\"text-align: left;\"><strong>Temperatura de funcionamiento<\/strong><\/td>\n<td style=\"text-align: left;\">-20 ~ 70\u00b0 C<\/td>\n<\/tr>\n<tr>\n<td><strong>Temperatura de almacenamiento<\/strong><\/td>\n<td>-40 ~ 80\u00b0 C<\/td>\n<\/tr>\n<tr>\n<td><strong>Humedad<\/strong><\/td>\n<td>10~ 90 % a 39 \u00b0C, sin condensaci\u00f3n<\/td>\n<\/tr>\n<\/tbody>\n<\/table>\n<\/div>\n<p>[\/vc_tta_section][\/vc_tta_tabs][\/vc_column][\/vc_row][vc_row][vc_column]<div class=\"fullwidth-block clearfix\" style=\"background-position: center top;\"><div class=\"preloader\"><\/div><div class=\"sc-testimonials fullwidth-block\">\n<div id=\"post-1203\" class=\"sc-testimonial-item post-1203 scalia_testimonial type-scalia_testimonial status-publish has-post-thumbnail hentry\"> <div class=\"sc-testimonial-image\"> <img width=\"256\" height=\"256\" src=\"https:\/\/technologies.leaseir.com\/wp-content\/uploads\/2016\/02\/calatayud_logo-1-scalia-testimonial.jpg\" class=\"img-responsive img-circle wp-post-image\" alt=\"calatayud_logo\" loading=\"lazy\" \/>\t<\/div> <blockquote class=\"sc-testimonial-text\"> <p>We acquired the Leaseir equipment for our clinics because it offers us the highest speed and power in different work modes. I am delighted with the equipment, not only for its performance, but for the result and the efficiency of the hair removal. It is remarkable to see the reduction in hair density after each session. Moreover, the powerful cooling system is outstanding and makes hair removal painless.<\/p> <\/blockquote> <div class=\"sc-testimonial-name\">Dr Heisman Pereira<\/div>\t<div class=\"sc-testimonial-position\">Manager, Clinica Pereira<\/div><\/div>\n<div id=\"post-1204\" class=\"sc-testimonial-item post-1204 scalia_testimonial type-scalia_testimonial status-publish has-post-thumbnail hentry\"> <div class=\"sc-testimonial-image\"> <img width=\"256\" height=\"256\" src=\"https:\/\/technologies.leaseir.com\/wp-content\/uploads\/2016\/02\/affectum-1-scalia-testimonial.jpg\" class=\"img-responsive img-circle wp-post-image\" alt=\"affectum\" loading=\"lazy\" \/>\t<\/div> <blockquote class=\"sc-testimonial-text\"> <p>In Dermoestetica Affectum we took the decision to acquire Leaseir Single platform and it has been the appropriate decision, as results have shown extraordinary. Single is a platform that provides all the requirements that we were looking to offer to our customers, the best hair removal system with great power, security and best results.<br \/>\nThanks to its powerful refrigeration system the pain feeling is lower than in any other system, as well as the different modes that allow a secure and efficient hair removal to different customer profiles<\/p> <\/blockquote> <div class=\"sc-testimonial-name\">Jos\u00e9 Jim\u00e9nez<\/div>\t<div class=\"sc-testimonial-position\">Manager, Dermoest\u00e9tica Affectum<\/div><\/div><\/div><\/div>[\/vc_column][\/vc_row][vc_row][vc_column][\/vc_column][\/vc_row]<\/p>\n","protected":false},"excerpt":{"rendered":"<p>[vc_row gap=\u00bb35&#8243; equal_height=\u00bbyes\u00bb content_placement=\u00bbbottom\u00bb][vc_column][vc_column_text] Leaseir MHR Xcell Cosmetic [\/vc_column_text][vc_row_inner content_placement=\u00bbtop\u00bb][vc_column_inner width=\u00bb1\/4&#8243; css=\u00bb.vc_custom_1455136538251{background-color: #e6edf4 !important;}\u00bb][vc_column_text]Leaseir MHR Xcell Cosmetic puede tratar con&#8230;<\/p>\n","protected":false},"author":1,"featured_media":0,"parent":0,"menu_order":0,"comment_status":"closed","ping_status":"closed","template":"","meta":[],"_links":{"self":[{"href":"https:\/\/technologies.leaseir.com\/es\/wp-json\/wp\/v2\/pages\/2544"}],"collection":[{"href":"https:\/\/technologies.leaseir.com\/es\/wp-json\/wp\/v2\/pages"}],"about":[{"href":"https:\/\/technologies.leaseir.com\/es\/wp-json\/wp\/v2\/types\/page"}],"author":[{"embeddable":true,"href":"https:\/\/technologies.leaseir.com\/es\/wp-json\/wp\/v2\/users\/1"}],"replies":[{"embeddable":true,"href":"https:\/\/technologies.leaseir.com\/es\/wp-json\/wp\/v2\/comments?post=2544"}],"version-history":[{"count":3,"href":"https:\/\/technologies.leaseir.com\/es\/wp-json\/wp\/v2\/pages\/2544\/revisions"}],"predecessor-version":[{"id":2550,"href":"https:\/\/technologies.leaseir.com\/es\/wp-json\/wp\/v2\/pages\/2544\/revisions\/2550"}],"wp:attachment":[{"href":"https:\/\/technologies.leaseir.com\/es\/wp-json\/wp\/v2\/media?parent=2544"}],"curies":[{"name":"wp","href":"https:\/\/api.w.org\/{rel}","templated":true}]}}